{"id":39,"date":"2025-09-28T20:08:56","date_gmt":"2025-09-28T20:08:56","guid":{"rendered":"https:\/\/althaus-it.de\/?page_id=39"},"modified":"2025-11-15T10:41:21","modified_gmt":"2025-11-15T10:41:21","slug":"about","status":"publish","type":"page","link":"https:\/\/althaus-it.de\/?page_id=39","title":{"rendered":"About"},"content":{"rendered":"\t\t<div data-elementor-type=\"wp-page\" data-elementor-id=\"39\" class=\"elementor elementor-39\" data-elementor-post-type=\"page\">\n\t\t\t\t<div class=\"elementor-element elementor-element-1260ae83 e-flex e-con-boxed e-con e-parent\" data-id=\"1260ae83\" data-element_type=\"container\" data-e-type=\"container\">\n\t\t\t\t\t<div class=\"e-con-inner\">\n\t\t<div class=\"elementor-element elementor-element-177aee00 e-con-full e-flex e-con e-child\" data-id=\"177aee00\" data-element_type=\"container\" data-e-type=\"container\" data-settings=\"{&quot;background_background&quot;:&quot;classic&quot;}\">\n\t\t\t\t<div class=\"elementor-element elementor-element-10f99bde elementor-widget__width-inherit elementor-widget elementor-widget-heading\" data-id=\"10f99bde\" data-element_type=\"widget\" data-e-type=\"widget\" data-widget_type=\"heading.default\">\n\t\t\t\t\t<h1 class=\"elementor-heading-title elementor-size-default\">Professionelle L\u00f6sungen, die nah an Deinen Bed\u00fcrfnissen entstehen \u2013 ehrlich, direkt und auf Augenh\u00f6he.<\/h1>\t\t\t\t<\/div>\n\t\t\t\t<\/div>\n\t\t\t\t\t<\/div>\n\t\t\t\t<\/div>\n\t\t<div class=\"elementor-element elementor-element-50614973 e-flex e-con-boxed e-con e-parent\" data-id=\"50614973\" data-element_type=\"container\" data-e-type=\"container\">\n\t\t\t\t\t<div class=\"e-con-inner\">\n\t\t<div class=\"elementor-element elementor-element-38e75982 e-con-full e-flex e-con e-child\" data-id=\"38e75982\" data-element_type=\"container\" data-e-type=\"container\">\n\t\t\t\t<div class=\"elementor-element elementor-element-08157c3 elementor-widget elementor-widget-progress\" data-id=\"08157c3\" data-element_type=\"widget\" data-e-type=\"widget\" data-widget_type=\"progress.default\">\n\t\t\t\t\t\n\t\t<div aria-label=\"Meine Fertigkeit\" class=\"elementor-progress-wrapper\" role=\"progressbar\" aria-valuemin=\"0\" aria-valuemax=\"100\" aria-valuenow=\"80\" aria-valuetext=\"80% (MICROSOFT 365)\">\n\t\t\t<div class=\"elementor-progress-bar\" data-max=\"80\">\n\t\t\t\t<span class=\"elementor-progress-text\">MICROSOFT 365<\/span>\n\t\t\t\t\t\t\t\t\t<span class=\"elementor-progress-percentage\">80%<\/span>\n\t\t\t\t\t\t\t<\/div>\n\t\t<\/div>\n\t\t\t\t\t\t<\/div>\n\t\t\t\t<div class=\"elementor-element elementor-element-7f4198e elementor-widget elementor-widget-progress\" data-id=\"7f4198e\" data-element_type=\"widget\" data-e-type=\"widget\" data-widget_type=\"progress.default\">\n\t\t\t\t\t\n\t\t<div aria-label=\"Meine Fertigkeit\" class=\"elementor-progress-wrapper\" role=\"progressbar\" aria-valuemin=\"0\" aria-valuemax=\"100\" aria-valuenow=\"80\" aria-valuetext=\"80% (Microsoft Exchange Online)\">\n\t\t\t<div class=\"elementor-progress-bar\" data-max=\"80\">\n\t\t\t\t<span class=\"elementor-progress-text\">Microsoft Exchange Online<\/span>\n\t\t\t\t\t\t\t\t\t<span class=\"elementor-progress-percentage\">80%<\/span>\n\t\t\t\t\t\t\t<\/div>\n\t\t<\/div>\n\t\t\t\t\t\t<\/div>\n\t\t\t\t<div class=\"elementor-element elementor-element-8607fa9 elementor-widget elementor-widget-progress\" data-id=\"8607fa9\" data-element_type=\"widget\" data-e-type=\"widget\" data-widget_type=\"progress.default\">\n\t\t\t\t\t\n\t\t<div aria-label=\"Meine Fertigkeit\" class=\"elementor-progress-wrapper\" role=\"progressbar\" aria-valuemin=\"0\" aria-valuemax=\"100\" aria-valuenow=\"90\" aria-valuetext=\"90% (Microsoft Exchange On Prem)\">\n\t\t\t<div class=\"elementor-progress-bar\" data-max=\"90\">\n\t\t\t\t<span class=\"elementor-progress-text\">Microsoft Exchange On Prem<\/span>\n\t\t\t\t\t\t\t\t\t<span class=\"elementor-progress-percentage\">90%<\/span>\n\t\t\t\t\t\t\t<\/div>\n\t\t<\/div>\n\t\t\t\t\t\t<\/div>\n\t\t\t\t<div class=\"elementor-element elementor-element-0c93189 elementor-widget elementor-widget-progress\" data-id=\"0c93189\" data-element_type=\"widget\" data-e-type=\"widget\" data-widget_type=\"progress.default\">\n\t\t\t\t\t\n\t\t<div aria-label=\"Meine Fertigkeit\" class=\"elementor-progress-wrapper\" role=\"progressbar\" aria-valuemin=\"0\" aria-valuemax=\"100\" aria-valuenow=\"75\" aria-valuetext=\"75% (MICROSOFT SQL SERVER)\">\n\t\t\t<div class=\"elementor-progress-bar\" data-max=\"75\">\n\t\t\t\t<span class=\"elementor-progress-text\">MICROSOFT SQL SERVER<\/span>\n\t\t\t\t\t\t\t\t\t<span class=\"elementor-progress-percentage\">75%<\/span>\n\t\t\t\t\t\t\t<\/div>\n\t\t<\/div>\n\t\t\t\t\t\t<\/div>\n\t\t\t\t<div class=\"elementor-element elementor-element-e071393 elementor-widget elementor-widget-progress\" data-id=\"e071393\" data-element_type=\"widget\" data-e-type=\"widget\" data-widget_type=\"progress.default\">\n\t\t\t\t\t\n\t\t<div aria-label=\"Meine Fertigkeit\" class=\"elementor-progress-wrapper\" role=\"progressbar\" aria-valuemin=\"0\" aria-valuemax=\"100\" aria-valuenow=\"80\" aria-valuetext=\"80% (Microsoft Intune)\">\n\t\t\t<div class=\"elementor-progress-bar\" data-max=\"80\">\n\t\t\t\t<span class=\"elementor-progress-text\">Microsoft Intune<\/span>\n\t\t\t\t\t\t\t\t\t<span class=\"elementor-progress-percentage\">80%<\/span>\n\t\t\t\t\t\t\t<\/div>\n\t\t<\/div>\n\t\t\t\t\t\t<\/div>\n\t\t\t\t<div class=\"elementor-element elementor-element-96a5c5d elementor-widget elementor-widget-progress\" data-id=\"96a5c5d\" data-element_type=\"widget\" data-e-type=\"widget\" data-widget_type=\"progress.default\">\n\t\t\t\t\t\n\t\t<div aria-label=\"Meine Fertigkeit\" class=\"elementor-progress-wrapper\" role=\"progressbar\" aria-valuemin=\"0\" aria-valuemax=\"100\" aria-valuenow=\"80\" aria-valuetext=\"80% (Windows Server 2003-2022)\">\n\t\t\t<div class=\"elementor-progress-bar\" data-max=\"80\">\n\t\t\t\t<span class=\"elementor-progress-text\">Windows Server 2003-2022<\/span>\n\t\t\t\t\t\t\t\t\t<span class=\"elementor-progress-percentage\">80%<\/span>\n\t\t\t\t\t\t\t<\/div>\n\t\t<\/div>\n\t\t\t\t\t\t<\/div>\n\t\t\t\t<div class=\"elementor-element elementor-element-c23f038 elementor-widget elementor-widget-progress\" data-id=\"c23f038\" data-element_type=\"widget\" data-e-type=\"widget\" data-widget_type=\"progress.default\">\n\t\t\t\t\t\n\t\t<div aria-label=\"Meine Fertigkeit\" class=\"elementor-progress-wrapper\" role=\"progressbar\" aria-valuemin=\"0\" aria-valuemax=\"100\" aria-valuenow=\"80\" aria-valuetext=\"80% (Microsoft Powershell Skripting)\">\n\t\t\t<div class=\"elementor-progress-bar\" data-max=\"80\">\n\t\t\t\t<span class=\"elementor-progress-text\">Microsoft Powershell Skripting<\/span>\n\t\t\t\t\t\t\t\t\t<span class=\"elementor-progress-percentage\">80%<\/span>\n\t\t\t\t\t\t\t<\/div>\n\t\t<\/div>\n\t\t\t\t\t\t<\/div>\n\t\t\t\t<div class=\"elementor-element elementor-element-c75ccf0 elementor-widget elementor-widget-progress\" data-id=\"c75ccf0\" data-element_type=\"widget\" data-e-type=\"widget\" data-widget_type=\"progress.default\">\n\t\t\t\t\t\n\t\t<div aria-label=\"Meine Fertigkeit\" class=\"elementor-progress-wrapper\" role=\"progressbar\" aria-valuemin=\"0\" aria-valuemax=\"100\" aria-valuenow=\"80\" aria-valuetext=\"80% (MICROSOFT 365)\">\n\t\t\t<div class=\"elementor-progress-bar\" data-max=\"80\">\n\t\t\t\t<span class=\"elementor-progress-text\">MICROSOFT 365<\/span>\n\t\t\t\t\t\t\t\t\t<span class=\"elementor-progress-percentage\">80%<\/span>\n\t\t\t\t\t\t\t<\/div>\n\t\t<\/div>\n\t\t\t\t\t\t<\/div>\n\t\t\t\t<div class=\"elementor-element elementor-element-b3f28c7 elementor-widget elementor-widget-progress\" data-id=\"b3f28c7\" data-element_type=\"widget\" data-e-type=\"widget\" data-widget_type=\"progress.default\">\n\t\t\t\t\t\n\t\t<div aria-label=\"Meine Fertigkeit\" class=\"elementor-progress-wrapper\" role=\"progressbar\" aria-valuemin=\"0\" aria-valuemax=\"100\" aria-valuenow=\"80\" aria-valuetext=\"80% (MICROSOFT 365)\">\n\t\t\t<div class=\"elementor-progress-bar\" data-max=\"80\">\n\t\t\t\t<span class=\"elementor-progress-text\">MICROSOFT 365<\/span>\n\t\t\t\t\t\t\t\t\t<span class=\"elementor-progress-percentage\">80%<\/span>\n\t\t\t\t\t\t\t<\/div>\n\t\t<\/div>\n\t\t\t\t\t\t<\/div>\n\t\t\t\t<\/div>\n\t\t<div class=\"elementor-element elementor-element-4ffb68fe e-con-full e-flex e-con e-child\" data-id=\"4ffb68fe\" data-element_type=\"container\" data-e-type=\"container\">\n\t\t\t\t<div class=\"elementor-element elementor-element-a3537c1 elementor-position-top elementor-widget elementor-widget-image-box\" data-id=\"a3537c1\" data-element_type=\"widget\" data-e-type=\"widget\" data-widget_type=\"image-box.default\">\n\t\t\t\t\t<div class=\"elementor-image-box-wrapper\"><figure class=\"elementor-image-box-img\"><img fetchpriority=\"high\" decoding=\"async\" width=\"768\" height=\"512\" src=\"https:\/\/althaus-it.de\/wp-content\/uploads\/2025\/11\/Althaus_K-med360_dez04294-768x512.jpg\" class=\"attachment-medium_large size-medium_large wp-image-182\" alt=\"\" srcset=\"https:\/\/althaus-it.de\/wp-content\/uploads\/2025\/11\/Althaus_K-med360_dez04294-768x512.jpg 768w, https:\/\/althaus-it.de\/wp-content\/uploads\/2025\/11\/Althaus_K-med360_dez04294-300x200.jpg 300w, https:\/\/althaus-it.de\/wp-content\/uploads\/2025\/11\/Althaus_K-med360_dez04294-1024x682.jpg 1024w, https:\/\/althaus-it.de\/wp-content\/uploads\/2025\/11\/Althaus_K-med360_dez04294-1536x1024.jpg 1536w, https:\/\/althaus-it.de\/wp-content\/uploads\/2025\/11\/Althaus_K-med360_dez04294.jpg 1772w\" sizes=\"(max-width: 768px) 100vw, 768px\" \/><\/figure><div class=\"elementor-image-box-content\"><h3 class=\"elementor-image-box-title\">Kevin Althaus, <br>Senior IT-Administratror <\/h3><\/div><\/div>\t\t\t\t<\/div>\n\t\t\t\t<\/div>\n\t\t\t\t\t<\/div>\n\t\t\t\t<\/div>\n\t\t<div class=\"elementor-element elementor-element-b5ac344 e-con-full e-flex e-con e-parent\" data-id=\"b5ac344\" data-element_type=\"container\" data-e-type=\"container\" data-settings=\"{&quot;background_background&quot;:&quot;classic&quot;}\">\n\t\t<div class=\"elementor-element elementor-element-2f5b558 e-con-full e-flex e-con e-child\" data-id=\"2f5b558\" data-element_type=\"container\" data-e-type=\"container\">\n\t\t\t\t<div class=\"elementor-element elementor-element-d2889e9 elementor-widget elementor-widget-heading\" data-id=\"d2889e9\" data-element_type=\"widget\" data-e-type=\"widget\" data-widget_type=\"heading.default\">\n\t\t\t\t\t<h2 class=\"elementor-heading-title elementor-size-default\">Lassen Sie uns zusammen arbeiten<\/h2>\t\t\t\t<\/div>\n\t\t\t\t<div class=\"elementor-element elementor-element-1caa9bc elementor-widget elementor-widget-heading\" data-id=\"1caa9bc\" data-element_type=\"widget\" data-e-type=\"widget\" data-widget_type=\"heading.default\">\n\t\t\t\t\t<h3 class=\"elementor-heading-title elementor-size-default\">Frage noch heute deine Beratung an<\/h3>\t\t\t\t<\/div>\n\t\t\t\t<\/div>\n\t\t<div class=\"elementor-element elementor-element-c7343c1 e-con-full e-flex e-con e-child\" data-id=\"c7343c1\" data-element_type=\"container\" data-e-type=\"container\">\n\t\t\t\t<div class=\"elementor-element elementor-element-e94b366 elementor-button-align-stretch elementor-widget elementor-widget-form\" data-id=\"e94b366\" data-element_type=\"widget\" data-e-type=\"widget\" data-settings=\"{&quot;step_next_label&quot;:&quot;Weiter&quot;,&quot;step_previous_label&quot;:&quot;Zur\\u00fcck&quot;,&quot;button_width&quot;:&quot;100&quot;,&quot;step_type&quot;:&quot;number_text&quot;,&quot;step_icon_shape&quot;:&quot;circle&quot;}\" data-widget_type=\"form.default\">\n\t\t\t\t\t\t\t<form class=\"elementor-form\" method=\"post\" name=\"New Form\" aria-label=\"New Form\">\n\t\t\t<input type=\"hidden\" name=\"post_id\" value=\"39\"\/>\n\t\t\t<input type=\"hidden\" name=\"form_id\" value=\"e94b366\"\/>\n\t\t\t<input type=\"hidden\" name=\"referer_title\" value=\"About - Althaus IT-Solutions\" \/>\n\n\t\t\t\t\t\t\t<input type=\"hidden\" name=\"queried_id\" value=\"39\"\/>\n\t\t\t\n\t\t\t<div class=\"elementor-form-fields-wrapper elementor-labels-\">\n\t\t\t\t\t\t\t\t<div class=\"elementor-field-type-text elementor-field-group elementor-column elementor-field-group-name elementor-col-100\">\n\t\t\t\t\t\t\t\t\t\t\t\t<label for=\"form-field-name\" class=\"elementor-field-label elementor-screen-only\">\n\t\t\t\t\t\t\t\tVorname\t\t\t\t\t\t\t<\/label>\n\t\t\t\t\t\t\t\t\t\t\t\t\t\t<input size=\"1\" type=\"text\" name=\"form_fields[name]\" id=\"form-field-name\" class=\"elementor-field elementor-size-lg  elementor-field-textual\" placeholder=\"Vorname\">\n\t\t\t\t\t\t\t\t\t\t\t<\/div>\n\t\t\t\t\t\t\t\t<div class=\"elementor-field-type-text elementor-field-group elementor-column elementor-field-group-field_60946e3 elementor-col-100\">\n\t\t\t\t\t\t\t\t\t\t\t\t<label for=\"form-field-field_60946e3\" class=\"elementor-field-label elementor-screen-only\">\n\t\t\t\t\t\t\t\tNachname\t\t\t\t\t\t\t<\/label>\n\t\t\t\t\t\t\t\t\t\t\t\t\t\t<input size=\"1\" type=\"text\" name=\"form_fields[field_60946e3]\" id=\"form-field-field_60946e3\" class=\"elementor-field elementor-size-lg  elementor-field-textual\" placeholder=\"Nachname\">\n\t\t\t\t\t\t\t\t\t\t\t<\/div>\n\t\t\t\t\t\t\t\t<div class=\"elementor-field-type-text elementor-field-group elementor-column elementor-field-group-field_f6d3fd4 elementor-col-100\">\n\t\t\t\t\t\t\t\t\t\t\t\t<label for=\"form-field-field_f6d3fd4\" class=\"elementor-field-label elementor-screen-only\">\n\t\t\t\t\t\t\t\tInteresse\t\t\t\t\t\t\t<\/label>\n\t\t\t\t\t\t\t\t\t\t\t\t\t\t<input size=\"1\" type=\"text\" name=\"form_fields[field_f6d3fd4]\" id=\"form-field-field_f6d3fd4\" class=\"elementor-field elementor-size-lg  elementor-field-textual\" placeholder=\"Ich habe Interesse an\">\n\t\t\t\t\t\t\t\t\t\t\t<\/div>\n\t\t\t\t\t\t\t\t<div class=\"elementor-field-type-email elementor-field-group elementor-column elementor-field-group-email elementor-col-100 elementor-field-required\">\n\t\t\t\t\t\t\t\t\t\t\t\t<label for=\"form-field-email\" class=\"elementor-field-label elementor-screen-only\">\n\t\t\t\t\t\t\t\tEmail\t\t\t\t\t\t\t<\/label>\n\t\t\t\t\t\t\t\t\t\t\t\t\t\t<input size=\"1\" type=\"email\" name=\"form_fields[email]\" id=\"form-field-email\" class=\"elementor-field elementor-size-lg  elementor-field-textual\" placeholder=\"Email\" required=\"required\">\n\t\t\t\t\t\t\t\t\t\t\t<\/div>\n\t\t\t\t\t\t\t\t<div class=\"elementor-field-group elementor-column elementor-field-type-submit elementor-col-100 e-form__buttons\">\n\t\t\t\t\t<button class=\"elementor-button elementor-size-lg\" type=\"submit\">\n\t\t\t\t\t\t<span class=\"elementor-button-content-wrapper\">\n\t\t\t\t\t\t\t\t\t\t\t\t\t\t\t\t\t\t\t\t\t\t<span class=\"elementor-button-text\">Absenden<\/span>\n\t\t\t\t\t\t\t\t\t\t\t\t\t<\/span>\n\t\t\t\t\t<\/button>\n\t\t\t\t<\/div>\n\t\t\t<\/div>\n\t\t<\/form>\n\t\t\t\t\t\t<\/div>\n\t\t\t\t<\/div>\n\t\t\t\t<\/div>\n\t\t\t\t<\/div>\n\t\t","protected":false},"excerpt":{"rendered":"<p>Professionelle L\u00f6sungen, die nah an Deinen Bed\u00fcrfnissen entstehen \u2013 ehrlich, direkt und auf Augenh\u00f6he. MICROSOFT 365 80% Microsoft Exchange Online [&hellip;]<\/p>\n","protected":false},"author":1,"featured_media":52,"parent":0,"menu_order":0,"comment_status":"closed","ping_status":"closed","template":"elementor_header_footer","meta":{"site-sidebar-layout":"default","site-content-layout":"","ast-site-content-layout":"default","site-content-style":"default","site-sidebar-style":"default","ast-global-header-display":"","ast-banner-title-visibility":"","ast-main-header-display":"","ast-hfb-above-header-display":"","ast-hfb-below-header-display":"","ast-hfb-mobile-header-display":"","site-post-title":"","ast-breadcrumbs-content":"","ast-featured-img":"","footer-sml-layout":"","ast-disable-related-posts":"","theme-transparent-header-meta":"","adv-header-id-meta":"","stick-header-meta":"","header-above-stick-meta":"","header-main-stick-meta":"","header-below-stick-meta":"","astra-migrate-meta-layouts":"default","ast-page-background-enabled":"default","ast-page-background-meta":{"desktop":{"background-color":"var(--ast-global-color-5)","background-image":"","background-repeat":"repeat","background-position":"center center","background-size":"auto","background-attachment":"scroll","background-type":"","background-media":"","overlay-type":"","overlay-color":"","overlay-opacity":"","overlay-gradient":""},"tablet":{"background-color":"","background-image":"","background-repeat":"repeat","background-position":"center center","background-size":"auto","background-attachment":"scroll","background-type":"","background-media":"","overlay-type":"","overlay-color":"","overlay-opacity":"","overlay-gradient":""},"mobile":{"background-color":"","background-image":"","background-repeat":"repeat","background-position":"center center","background-size":"auto","background-attachment":"scroll","background-type":"","background-media":"","overlay-type":"","overlay-color":"","overlay-opacity":"","overlay-gradient":""}},"ast-content-background-meta":{"desktop":{"background-color":"var(--ast-global-color-4)","background-image":"","background-repeat":"repeat","background-position":"center center","background-size":"auto","background-attachment":"scroll","background-type":"","background-media":"","overlay-type":"","overlay-color":"","overlay-opacity":"","overlay-gradient":""},"tablet":{"background-color":"var(--ast-global-color-4)","background-image":"","background-repeat":"repeat","background-position":"center center","background-size":"auto","background-attachment":"scroll","background-type":"","background-media":"","overlay-type":"","overlay-color":"","overlay-opacity":"","overlay-gradient":""},"mobile":{"background-color":"var(--ast-global-color-4)","background-image":"","background-repeat":"repeat","background-position":"center center","background-size":"auto","background-attachment":"scroll","background-type":"","background-media":"","overlay-type":"","overlay-color":"","overlay-opacity":"","overlay-gradient":""}},"footnotes":""},"class_list":["post-39","page","type-page","status-publish","has-post-thumbnail","hentry"],"yoast_head":"<!-- This site is optimized with the Yoast SEO plugin v27.2 - https:\/\/yoast.com\/product\/yoast-seo-wordpress\/ -->\n<title>About - Althaus IT-Solutions<\/title>\n<meta name=\"robots\" content=\"index, follow, max-snippet:-1, max-image-preview:large, max-video-preview:-1\" \/>\n<link rel=\"canonical\" href=\"https:\/\/althaus-it.de\/?page_id=39\" \/>\n<meta property=\"og:locale\" content=\"de_DE\" \/>\n<meta property=\"og:type\" content=\"article\" \/>\n<meta property=\"og:title\" content=\"About - Althaus IT-Solutions\" \/>\n<meta property=\"og:description\" content=\"Professionelle L\u00f6sungen, die nah an Deinen Bed\u00fcrfnissen entstehen \u2013 ehrlich, direkt und auf Augenh\u00f6he. MICROSOFT 365 80% Microsoft Exchange Online [&hellip;]\" \/>\n<meta property=\"og:url\" content=\"https:\/\/althaus-it.de\/?page_id=39\" \/>\n<meta property=\"og:site_name\" content=\"Althaus IT-Solutions\" \/>\n<meta property=\"article:modified_time\" content=\"2025-11-15T10:41:21+00:00\" \/>\n<meta property=\"og:image\" content=\"https:\/\/althaus-it.de\/wp-content\/uploads\/2025\/09\/About.jpg\" \/>\n\t<meta property=\"og:image:width\" content=\"400\" \/>\n\t<meta property=\"og:image:height\" content=\"380\" \/>\n\t<meta property=\"og:image:type\" content=\"image\/jpeg\" \/>\n<meta name=\"twitter:card\" content=\"summary_large_image\" \/>\n<meta name=\"twitter:label1\" content=\"Gesch\u00e4tzte Lesezeit\" \/>\n\t<meta name=\"twitter:data1\" content=\"1\u00a0Minute\" \/>\n<script type=\"application\/ld+json\" class=\"yoast-schema-graph\">{\"@context\":\"https:\/\/schema.org\",\"@graph\":[{\"@type\":\"WebPage\",\"@id\":\"https:\/\/althaus-it.de\/?page_id=39\",\"url\":\"https:\/\/althaus-it.de\/?page_id=39\",\"name\":\"About - Althaus IT-Solutions\",\"isPartOf\":{\"@id\":\"https:\/\/althaus-it.de\/#website\"},\"primaryImageOfPage\":{\"@id\":\"https:\/\/althaus-it.de\/?page_id=39#primaryimage\"},\"image\":{\"@id\":\"https:\/\/althaus-it.de\/?page_id=39#primaryimage\"},\"thumbnailUrl\":\"https:\/\/althaus-it.de\/wp-content\/uploads\/2025\/09\/About.jpg\",\"datePublished\":\"2025-09-28T20:08:56+00:00\",\"dateModified\":\"2025-11-15T10:41:21+00:00\",\"breadcrumb\":{\"@id\":\"https:\/\/althaus-it.de\/?page_id=39#breadcrumb\"},\"inLanguage\":\"de\",\"potentialAction\":[{\"@type\":\"ReadAction\",\"target\":[\"https:\/\/althaus-it.de\/?page_id=39\"]}]},{\"@type\":\"ImageObject\",\"inLanguage\":\"de\",\"@id\":\"https:\/\/althaus-it.de\/?page_id=39#primaryimage\",\"url\":\"https:\/\/althaus-it.de\/wp-content\/uploads\/2025\/09\/About.jpg\",\"contentUrl\":\"https:\/\/althaus-it.de\/wp-content\/uploads\/2025\/09\/About.jpg\",\"width\":400,\"height\":380},{\"@type\":\"BreadcrumbList\",\"@id\":\"https:\/\/althaus-it.de\/?page_id=39#breadcrumb\",\"itemListElement\":[{\"@type\":\"ListItem\",\"position\":1,\"name\":\"Startseite\",\"item\":\"https:\/\/althaus-it.de\/\"},{\"@type\":\"ListItem\",\"position\":2,\"name\":\"About\"}]},{\"@type\":\"WebSite\",\"@id\":\"https:\/\/althaus-it.de\/#website\",\"url\":\"https:\/\/althaus-it.de\/\",\"name\":\"Althaus IT-Solutions\",\"description\":\"Althaus IT-Solutions \u2013 Ihr Partner f\u00fcr smarte IT-L\u00f6sungen, Netzwerktechnik und moderne Geb\u00e4udeautomation. Pers\u00f6nlich, zuverl\u00e4ssig und auf Ihre Bed\u00fcrfnisse zugeschnitten.\",\"publisher\":{\"@id\":\"https:\/\/althaus-it.de\/#organization\"},\"potentialAction\":[{\"@type\":\"SearchAction\",\"target\":{\"@type\":\"EntryPoint\",\"urlTemplate\":\"https:\/\/althaus-it.de\/?s={search_term_string}\"},\"query-input\":{\"@type\":\"PropertyValueSpecification\",\"valueRequired\":true,\"valueName\":\"search_term_string\"}}],\"inLanguage\":\"de\"},{\"@type\":\"Organization\",\"@id\":\"https:\/\/althaus-it.de\/#organization\",\"name\":\"Althaus IT-Solutions\",\"url\":\"https:\/\/althaus-it.de\/\",\"logo\":{\"@type\":\"ImageObject\",\"inLanguage\":\"de\",\"@id\":\"https:\/\/althaus-it.de\/#\/schema\/logo\/image\/\",\"url\":\"https:\/\/althaus-it.de\/wp-content\/uploads\/2025\/09\/favicon.png\",\"contentUrl\":\"https:\/\/althaus-it.de\/wp-content\/uploads\/2025\/09\/favicon.png\",\"width\":2134,\"height\":2134,\"caption\":\"Althaus IT-Solutions\"},\"image\":{\"@id\":\"https:\/\/althaus-it.de\/#\/schema\/logo\/image\/\"}}]}<\/script>\n<!-- \/ Yoast SEO plugin. -->","yoast_head_json":{"title":"About - Althaus IT-Solutions","robots":{"index":"index","follow":"follow","max-snippet":"max-snippet:-1","max-image-preview":"max-image-preview:large","max-video-preview":"max-video-preview:-1"},"canonical":"https:\/\/althaus-it.de\/?page_id=39","og_locale":"de_DE","og_type":"article","og_title":"About - Althaus IT-Solutions","og_description":"Professionelle L\u00f6sungen, die nah an Deinen Bed\u00fcrfnissen entstehen \u2013 ehrlich, direkt und auf Augenh\u00f6he. MICROSOFT 365 80% Microsoft Exchange Online [&hellip;]","og_url":"https:\/\/althaus-it.de\/?page_id=39","og_site_name":"Althaus IT-Solutions","article_modified_time":"2025-11-15T10:41:21+00:00","og_image":[{"width":400,"height":380,"url":"https:\/\/althaus-it.de\/wp-content\/uploads\/2025\/09\/About.jpg","type":"image\/jpeg"}],"twitter_card":"summary_large_image","twitter_misc":{"Gesch\u00e4tzte Lesezeit":"1\u00a0Minute"},"schema":{"@context":"https:\/\/schema.org","@graph":[{"@type":"WebPage","@id":"https:\/\/althaus-it.de\/?page_id=39","url":"https:\/\/althaus-it.de\/?page_id=39","name":"About - Althaus IT-Solutions","isPartOf":{"@id":"https:\/\/althaus-it.de\/#website"},"primaryImageOfPage":{"@id":"https:\/\/althaus-it.de\/?page_id=39#primaryimage"},"image":{"@id":"https:\/\/althaus-it.de\/?page_id=39#primaryimage"},"thumbnailUrl":"https:\/\/althaus-it.de\/wp-content\/uploads\/2025\/09\/About.jpg","datePublished":"2025-09-28T20:08:56+00:00","dateModified":"2025-11-15T10:41:21+00:00","breadcrumb":{"@id":"https:\/\/althaus-it.de\/?page_id=39#breadcrumb"},"inLanguage":"de","potentialAction":[{"@type":"ReadAction","target":["https:\/\/althaus-it.de\/?page_id=39"]}]},{"@type":"ImageObject","inLanguage":"de","@id":"https:\/\/althaus-it.de\/?page_id=39#primaryimage","url":"https:\/\/althaus-it.de\/wp-content\/uploads\/2025\/09\/About.jpg","contentUrl":"https:\/\/althaus-it.de\/wp-content\/uploads\/2025\/09\/About.jpg","width":400,"height":380},{"@type":"BreadcrumbList","@id":"https:\/\/althaus-it.de\/?page_id=39#breadcrumb","itemListElement":[{"@type":"ListItem","position":1,"name":"Startseite","item":"https:\/\/althaus-it.de\/"},{"@type":"ListItem","position":2,"name":"About"}]},{"@type":"WebSite","@id":"https:\/\/althaus-it.de\/#website","url":"https:\/\/althaus-it.de\/","name":"Althaus IT-Solutions","description":"Althaus IT-Solutions \u2013 Ihr Partner f\u00fcr smarte IT-L\u00f6sungen, Netzwerktechnik und moderne Geb\u00e4udeautomation. Pers\u00f6nlich, zuverl\u00e4ssig und auf Ihre Bed\u00fcrfnisse zugeschnitten.","publisher":{"@id":"https:\/\/althaus-it.de\/#organization"},"potentialAction":[{"@type":"SearchAction","target":{"@type":"EntryPoint","urlTemplate":"https:\/\/althaus-it.de\/?s={search_term_string}"},"query-input":{"@type":"PropertyValueSpecification","valueRequired":true,"valueName":"search_term_string"}}],"inLanguage":"de"},{"@type":"Organization","@id":"https:\/\/althaus-it.de\/#organization","name":"Althaus IT-Solutions","url":"https:\/\/althaus-it.de\/","logo":{"@type":"ImageObject","inLanguage":"de","@id":"https:\/\/althaus-it.de\/#\/schema\/logo\/image\/","url":"https:\/\/althaus-it.de\/wp-content\/uploads\/2025\/09\/favicon.png","contentUrl":"https:\/\/althaus-it.de\/wp-content\/uploads\/2025\/09\/favicon.png","width":2134,"height":2134,"caption":"Althaus IT-Solutions"},"image":{"@id":"https:\/\/althaus-it.de\/#\/schema\/logo\/image\/"}}]}},"_links":{"self":[{"href":"https:\/\/althaus-it.de\/index.php?rest_route=\/wp\/v2\/pages\/39","targetHints":{"allow":["GET"]}}],"collection":[{"href":"https:\/\/althaus-it.de\/index.php?rest_route=\/wp\/v2\/pages"}],"about":[{"href":"https:\/\/althaus-it.de\/index.php?rest_route=\/wp\/v2\/types\/page"}],"author":[{"embeddable":true,"href":"https:\/\/althaus-it.de\/index.php?rest_route=\/wp\/v2\/users\/1"}],"replies":[{"embeddable":true,"href":"https:\/\/althaus-it.de\/index.php?rest_route=%2Fwp%2Fv2%2Fcomments&post=39"}],"version-history":[{"count":25,"href":"https:\/\/althaus-it.de\/index.php?rest_route=\/wp\/v2\/pages\/39\/revisions"}],"predecessor-version":[{"id":299,"href":"https:\/\/althaus-it.de\/index.php?rest_route=\/wp\/v2\/pages\/39\/revisions\/299"}],"wp:featuredmedia":[{"embeddable":true,"href":"https:\/\/althaus-it.de\/index.php?rest_route=\/wp\/v2\/media\/52"}],"wp:attachment":[{"href":"https:\/\/althaus-it.de\/index.php?rest_route=%2Fwp%2Fv2%2Fmedia&parent=39"}],"curies":[{"name":"wp","href":"https:\/\/api.w.org\/{rel}","templated":true}]}}