{"id":226,"date":"2025-11-14T21:47:57","date_gmt":"2025-11-14T21:47:57","guid":{"rendered":"https:\/\/althaus-it.de\/?page_id=226"},"modified":"2025-11-14T21:49:15","modified_gmt":"2025-11-14T21:49:15","slug":"impressum","status":"publish","type":"page","link":"https:\/\/althaus-it.de\/?page_id=226","title":{"rendered":"Impressum"},"content":{"rendered":"\t\t<div data-elementor-type=\"wp-page\" data-elementor-id=\"226\" class=\"elementor elementor-226\" data-elementor-post-type=\"page\">\n\t\t\t\t<div class=\"elementor-element elementor-element-988e712 e-flex e-con-boxed e-con e-parent\" data-id=\"988e712\" data-element_type=\"container\" data-e-type=\"container\">\n\t\t\t\t\t<div class=\"e-con-inner\">\n\t\t\t\t<div class=\"elementor-element elementor-element-6dcf31e elementor-widget elementor-widget-text-editor\" data-id=\"6dcf31e\" data-element_type=\"widget\" data-e-type=\"widget\" data-widget_type=\"text-editor.default\">\n\t\t\t\t\t\t\t\t\t<section class=\"impressum\" style=\"color:#fff;\">\n    <h1 style=\"color:#C6C296;\">Impressum<\/h1>\n    <p><strong>Angaben gem\u00e4\u00df \u00a7 5 TMG<\/strong><\/p>\n\n    <p>\n        <strong>Althaus IT-Solutions<\/strong><br>\n        Inhaber: <strong>Kevin Althaus<\/strong><br>\n        Bruntjer Weg 93<br>\n        26845 Nortmoor<br>\n        Deutschland\n    <\/p>\n\n    <p>\n        <strong>Kontakt:<\/strong><br>\n        Telefon: <a href=\"tel:017631501269\">0176 3150 1269<\/a><br>\n        E-Mail: <a href=\"mailto:info@althaus-it.de\">info@althaus-it.de<\/a><br>\n        Web: <a href=\"https:\/\/www.althaus-it.de\" target=\"_blank\">www.althaus-it.de<\/a>\n    <\/p>\n\n    <p>\n        <strong>Umsatzsteuer:<\/strong><br>\n        Kleinunternehmer gem\u00e4\u00df \u00a7 19 UStG \u2013 es wird keine Umsatzsteuer ausgewiesen.\n    <\/p>\n\n    <h2 style=\"color:#C6C296;\">Verantwortlich f\u00fcr den Inhalt nach \u00a7 18 Abs. 2 MStV<\/h2>\n    <p>\n        Kevin Althaus<br>\n        Bruntjer Weg 93<br>\n        26845 Nortmoor\n    <\/p>\n\n    <h2 style=\"color:#C6C296;\">Haftung f\u00fcr Inhalte<\/h2>\n    <p>\n        Als Diensteanbieter bin ich gem\u00e4\u00df \u00a7 7 Abs. 1 TMG f\u00fcr eigene Inhalte auf\n        diesen Seiten verantwortlich. Nach \u00a7\u00a7 8 bis 10 TMG bin ich jedoch nicht\n        verpflichtet, \u00fcbermittelte oder gespeicherte fremde Informationen zu\n        \u00fcberwachen oder nach Umst\u00e4nden zu forschen, die auf eine rechtswidrige\n        T\u00e4tigkeit hinweisen. Verpflichtungen zur Entfernung oder Sperrung der\n        Nutzung von Informationen nach den allgemeinen Gesetzen bleiben hiervon\n        unber\u00fchrt. Eine diesbez\u00fcgliche Haftung ist jedoch erst ab dem Zeitpunkt\n        der Kenntnis einer konkreten Rechtsverletzung m\u00f6glich. Bei Bekanntwerden\n        entsprechender Rechtsverletzungen werde ich diese Inhalte umgehend\n        entfernen.\n    <\/p>\n\n    <h2 style=\"color:#C6C296;\">Haftung f\u00fcr Links<\/h2>\n    <p>\n        Mein Angebot enth\u00e4lt Links zu externen Websites Dritter, auf deren Inhalte\n        ich keinen Einfluss habe. Deshalb kann ich f\u00fcr diese fremden Inhalte keine\n        Gew\u00e4hr \u00fcbernehmen. F\u00fcr die Inhalte der verlinkten Seiten ist stets der\n        jeweilige Anbieter oder Betreiber der Seiten verantwortlich. Rechtswidrige\n        Inhalte waren zum Zeitpunkt der Verlinkung nicht erkennbar. Eine permanente\n        Kontrolle der verlinkten Seiten ist jedoch ohne konkrete Anhaltspunkte\n        einer Rechtsverletzung nicht zumutbar. Bei Bekanntwerden von\n        Rechtsverletzungen werde ich derartige Links umgehend entfernen.\n    <\/p>\n\n    <h2 style=\"color:#C6C296;\">Urheberrecht<\/h2>\n    <p>\n        Die durch den Seitenbetreiber erstellten Inhalte und Werke auf diesen\n        Seiten unterliegen dem deutschen Urheberrecht. Downloads und Kopien dieser\n        Seite sind nur f\u00fcr den privaten, nicht kommerziellen Gebrauch gestattet.\n        Soweit die Inhalte auf dieser Seite nicht vom Betreiber erstellt wurden,\n        werden die Urheberrechte Dritter beachtet.\n    <\/p>\n\n    <h2 style=\"color:#C6C296;\">Streitschlichtung<\/h2>\n    <p>\n        Ich bin weder verpflichtet noch bereit, an Streitbeilegungsverfahren vor\n        einer Verbraucherschlichtungsstelle teilzunehmen.\n    <\/p>\n<\/section>\n\t\t\t\t\t\t\t\t<\/div>\n\t\t\t\t\t<\/div>\n\t\t\t\t<\/div>\n\t\t\t\t<\/div>\n\t\t","protected":false},"excerpt":{"rendered":"<p>Impressum Angaben gem\u00e4\u00df \u00a7 5 TMG Althaus IT-Solutions Inhaber: Kevin Althaus Bruntjer Weg 93 26845 Nortmoor Deutschland Kontakt: Telefon: 0176 [&hellip;]<\/p>\n","protected":false},"author":1,"featured_media":0,"parent":0,"menu_order":0,"comment_status":"closed","ping_status":"closed","template":"","meta":{"site-sidebar-layout":"no-sidebar","site-content-layout":"","ast-site-content-layout":"full-width-container","site-content-style":"default","site-sidebar-style":"default","ast-global-header-display":"","ast-banner-title-visibility":"","ast-main-header-display":"","ast-hfb-above-header-display":"","ast-hfb-below-header-display":"","ast-hfb-mobile-header-display":"","site-post-title":"disabled","ast-breadcrumbs-content":"","ast-featured-img":"disabled","footer-sml-layout":"","ast-disable-related-posts":"","theme-transparent-header-meta":"","adv-header-id-meta":"","stick-header-meta":"","header-above-stick-meta":"","header-main-stick-meta":"","header-below-stick-meta":"","astra-migrate-meta-layouts":"default","ast-page-background-enabled":"default","ast-page-background-meta":{"desktop":{"background-color":"var(--ast-global-color-5)","background-image":"","background-repeat":"repeat","background-position":"center center","background-size":"auto","background-attachment":"scroll","background-type":"","background-media":"","overlay-type":"","overlay-color":"","overlay-opacity":"","overlay-gradient":""},"tablet":{"background-color":"","background-image":"","background-repeat":"repeat","background-position":"center center","background-size":"auto","background-attachment":"scroll","background-type":"","background-media":"","overlay-type":"","overlay-color":"","overlay-opacity":"","overlay-gradient":""},"mobile":{"background-color":"","background-image":"","background-repeat":"repeat","background-position":"center center","background-size":"auto","background-attachment":"scroll","background-type":"","background-media":"","overlay-type":"","overlay-color":"","overlay-opacity":"","overlay-gradient":""}},"ast-content-background-meta":{"desktop":{"background-color":"var(--ast-global-color-4)","background-image":"","background-repeat":"repeat","background-position":"center center","background-size":"auto","background-attachment":"scroll","background-type":"","background-media":"","overlay-type":"","overlay-color":"","overlay-opacity":"","overlay-gradient":""},"tablet":{"background-color":"var(--ast-global-color-4)","background-image":"","background-repeat":"repeat","background-position":"center center","background-size":"auto","background-attachment":"scroll","background-type":"","background-media":"","overlay-type":"","overlay-color":"","overlay-opacity":"","overlay-gradient":""},"mobile":{"background-color":"var(--ast-global-color-4)","background-image":"","background-repeat":"repeat","background-position":"center center","background-size":"auto","background-attachment":"scroll","background-type":"","background-media":"","overlay-type":"","overlay-color":"","overlay-opacity":"","overlay-gradient":""}},"footnotes":""},"class_list":["post-226","page","type-page","status-publish","hentry"],"yoast_head":"<!-- This site is optimized with the Yoast SEO plugin v27.2 - https:\/\/yoast.com\/product\/yoast-seo-wordpress\/ -->\n<title>Impressum - Althaus IT-Solutions<\/title>\n<meta name=\"robots\" content=\"index, follow, max-snippet:-1, max-image-preview:large, max-video-preview:-1\" \/>\n<link rel=\"canonical\" href=\"https:\/\/althaus-it.de\/?page_id=226\" \/>\n<meta property=\"og:locale\" content=\"de_DE\" \/>\n<meta property=\"og:type\" content=\"article\" \/>\n<meta property=\"og:title\" content=\"Impressum - Althaus IT-Solutions\" \/>\n<meta property=\"og:description\" content=\"Impressum Angaben gem\u00e4\u00df \u00a7 5 TMG Althaus IT-Solutions Inhaber: Kevin Althaus Bruntjer Weg 93 26845 Nortmoor Deutschland Kontakt: Telefon: 0176 [&hellip;]\" \/>\n<meta property=\"og:url\" content=\"https:\/\/althaus-it.de\/?page_id=226\" \/>\n<meta property=\"og:site_name\" content=\"Althaus IT-Solutions\" \/>\n<meta property=\"article:modified_time\" content=\"2025-11-14T21:49:15+00:00\" \/>\n<meta property=\"og:image\" content=\"https:\/\/althaus-it.de\/wp-content\/uploads\/2025\/11\/2025-11-15-12_21_36-Proton-Mail.png\" \/>\n\t<meta property=\"og:image:width\" content=\"2545\" \/>\n\t<meta property=\"og:image:height\" content=\"1246\" \/>\n\t<meta property=\"og:image:type\" content=\"image\/png\" \/>\n<meta name=\"twitter:card\" content=\"summary_large_image\" \/>\n<meta name=\"twitter:label1\" content=\"Gesch\u00e4tzte Lesezeit\" \/>\n\t<meta name=\"twitter:data1\" content=\"2\u00a0Minuten\" \/>\n<script type=\"application\/ld+json\" class=\"yoast-schema-graph\">{\"@context\":\"https:\/\/schema.org\",\"@graph\":[{\"@type\":\"WebPage\",\"@id\":\"https:\/\/althaus-it.de\/?page_id=226\",\"url\":\"https:\/\/althaus-it.de\/?page_id=226\",\"name\":\"Impressum - Althaus IT-Solutions\",\"isPartOf\":{\"@id\":\"https:\/\/althaus-it.de\/#website\"},\"datePublished\":\"2025-11-14T21:47:57+00:00\",\"dateModified\":\"2025-11-14T21:49:15+00:00\",\"breadcrumb\":{\"@id\":\"https:\/\/althaus-it.de\/?page_id=226#breadcrumb\"},\"inLanguage\":\"de\",\"potentialAction\":[{\"@type\":\"ReadAction\",\"target\":[\"https:\/\/althaus-it.de\/?page_id=226\"]}]},{\"@type\":\"BreadcrumbList\",\"@id\":\"https:\/\/althaus-it.de\/?page_id=226#breadcrumb\",\"itemListElement\":[{\"@type\":\"ListItem\",\"position\":1,\"name\":\"Startseite\",\"item\":\"https:\/\/althaus-it.de\/\"},{\"@type\":\"ListItem\",\"position\":2,\"name\":\"Impressum\"}]},{\"@type\":\"WebSite\",\"@id\":\"https:\/\/althaus-it.de\/#website\",\"url\":\"https:\/\/althaus-it.de\/\",\"name\":\"Althaus IT-Solutions\",\"description\":\"Althaus IT-Solutions \u2013 Ihr Partner f\u00fcr smarte IT-L\u00f6sungen, Netzwerktechnik und moderne Geb\u00e4udeautomation. Pers\u00f6nlich, zuverl\u00e4ssig und auf Ihre Bed\u00fcrfnisse zugeschnitten.\",\"publisher\":{\"@id\":\"https:\/\/althaus-it.de\/#organization\"},\"potentialAction\":[{\"@type\":\"SearchAction\",\"target\":{\"@type\":\"EntryPoint\",\"urlTemplate\":\"https:\/\/althaus-it.de\/?s={search_term_string}\"},\"query-input\":{\"@type\":\"PropertyValueSpecification\",\"valueRequired\":true,\"valueName\":\"search_term_string\"}}],\"inLanguage\":\"de\"},{\"@type\":\"Organization\",\"@id\":\"https:\/\/althaus-it.de\/#organization\",\"name\":\"Althaus IT-Solutions\",\"url\":\"https:\/\/althaus-it.de\/\",\"logo\":{\"@type\":\"ImageObject\",\"inLanguage\":\"de\",\"@id\":\"https:\/\/althaus-it.de\/#\/schema\/logo\/image\/\",\"url\":\"https:\/\/althaus-it.de\/wp-content\/uploads\/2025\/09\/favicon.png\",\"contentUrl\":\"https:\/\/althaus-it.de\/wp-content\/uploads\/2025\/09\/favicon.png\",\"width\":2134,\"height\":2134,\"caption\":\"Althaus IT-Solutions\"},\"image\":{\"@id\":\"https:\/\/althaus-it.de\/#\/schema\/logo\/image\/\"}}]}<\/script>\n<!-- \/ Yoast SEO plugin. -->","yoast_head_json":{"title":"Impressum - Althaus IT-Solutions","robots":{"index":"index","follow":"follow","max-snippet":"max-snippet:-1","max-image-preview":"max-image-preview:large","max-video-preview":"max-video-preview:-1"},"canonical":"https:\/\/althaus-it.de\/?page_id=226","og_locale":"de_DE","og_type":"article","og_title":"Impressum - Althaus IT-Solutions","og_description":"Impressum Angaben gem\u00e4\u00df \u00a7 5 TMG Althaus IT-Solutions Inhaber: Kevin Althaus Bruntjer Weg 93 26845 Nortmoor Deutschland Kontakt: Telefon: 0176 [&hellip;]","og_url":"https:\/\/althaus-it.de\/?page_id=226","og_site_name":"Althaus IT-Solutions","article_modified_time":"2025-11-14T21:49:15+00:00","og_image":[{"width":2545,"height":1246,"url":"https:\/\/althaus-it.de\/wp-content\/uploads\/2025\/11\/2025-11-15-12_21_36-Proton-Mail.png","type":"image\/png"}],"twitter_card":"summary_large_image","twitter_misc":{"Gesch\u00e4tzte Lesezeit":"2\u00a0Minuten"},"schema":{"@context":"https:\/\/schema.org","@graph":[{"@type":"WebPage","@id":"https:\/\/althaus-it.de\/?page_id=226","url":"https:\/\/althaus-it.de\/?page_id=226","name":"Impressum - Althaus IT-Solutions","isPartOf":{"@id":"https:\/\/althaus-it.de\/#website"},"datePublished":"2025-11-14T21:47:57+00:00","dateModified":"2025-11-14T21:49:15+00:00","breadcrumb":{"@id":"https:\/\/althaus-it.de\/?page_id=226#breadcrumb"},"inLanguage":"de","potentialAction":[{"@type":"ReadAction","target":["https:\/\/althaus-it.de\/?page_id=226"]}]},{"@type":"BreadcrumbList","@id":"https:\/\/althaus-it.de\/?page_id=226#breadcrumb","itemListElement":[{"@type":"ListItem","position":1,"name":"Startseite","item":"https:\/\/althaus-it.de\/"},{"@type":"ListItem","position":2,"name":"Impressum"}]},{"@type":"WebSite","@id":"https:\/\/althaus-it.de\/#website","url":"https:\/\/althaus-it.de\/","name":"Althaus IT-Solutions","description":"Althaus IT-Solutions \u2013 Ihr Partner f\u00fcr smarte IT-L\u00f6sungen, Netzwerktechnik und moderne Geb\u00e4udeautomation. Pers\u00f6nlich, zuverl\u00e4ssig und auf Ihre Bed\u00fcrfnisse zugeschnitten.","publisher":{"@id":"https:\/\/althaus-it.de\/#organization"},"potentialAction":[{"@type":"SearchAction","target":{"@type":"EntryPoint","urlTemplate":"https:\/\/althaus-it.de\/?s={search_term_string}"},"query-input":{"@type":"PropertyValueSpecification","valueRequired":true,"valueName":"search_term_string"}}],"inLanguage":"de"},{"@type":"Organization","@id":"https:\/\/althaus-it.de\/#organization","name":"Althaus IT-Solutions","url":"https:\/\/althaus-it.de\/","logo":{"@type":"ImageObject","inLanguage":"de","@id":"https:\/\/althaus-it.de\/#\/schema\/logo\/image\/","url":"https:\/\/althaus-it.de\/wp-content\/uploads\/2025\/09\/favicon.png","contentUrl":"https:\/\/althaus-it.de\/wp-content\/uploads\/2025\/09\/favicon.png","width":2134,"height":2134,"caption":"Althaus IT-Solutions"},"image":{"@id":"https:\/\/althaus-it.de\/#\/schema\/logo\/image\/"}}]}},"_links":{"self":[{"href":"https:\/\/althaus-it.de\/index.php?rest_route=\/wp\/v2\/pages\/226","targetHints":{"allow":["GET"]}}],"collection":[{"href":"https:\/\/althaus-it.de\/index.php?rest_route=\/wp\/v2\/pages"}],"about":[{"href":"https:\/\/althaus-it.de\/index.php?rest_route=\/wp\/v2\/types\/page"}],"author":[{"embeddable":true,"href":"https:\/\/althaus-it.de\/index.php?rest_route=\/wp\/v2\/users\/1"}],"replies":[{"embeddable":true,"href":"https:\/\/althaus-it.de\/index.php?rest_route=%2Fwp%2Fv2%2Fcomments&post=226"}],"version-history":[{"count":7,"href":"https:\/\/althaus-it.de\/index.php?rest_route=\/wp\/v2\/pages\/226\/revisions"}],"predecessor-version":[{"id":233,"href":"https:\/\/althaus-it.de\/index.php?rest_route=\/wp\/v2\/pages\/226\/revisions\/233"}],"wp:attachment":[{"href":"https:\/\/althaus-it.de\/index.php?rest_route=%2Fwp%2Fv2%2Fmedia&parent=226"}],"curies":[{"name":"wp","href":"https:\/\/api.w.org\/{rel}","templated":true}]}}